{"id":132,"date":"2021-11-10T15:38:29","date_gmt":"2021-11-10T15:38:29","guid":{"rendered":"https:\/\/www.moinat-auctions.com\/clone-of-homepage\/"},"modified":"2026-03-27T14:49:14","modified_gmt":"2026-03-27T14:49:14","slug":"informations","status":"publish","type":"page","link":"https:\/\/www.moinat-auctions.com\/en\/informations\/","title":{"rendered":"INFORMATION FOR THE SALE :"},"content":{"rendered":"<p style=\"\">going<\/p>\n<p style=\"\">going<\/p>\n<p style=\"text-align: left;\">gone<\/p>\n<p><span><img decoding=\"async\" alt=\"\" data-id=\"134\" width=\"330\" data-init-width=\"1126\" height=\"316\" data-init-height=\"1077\" title=\"gun\" src=\"https:\/\/www.moinat-auctions.com\/wp-content\/uploads\/2021\/11\/gun.png\" data-width=\"330\" data-height=\"316\" style=\"aspect-ratio: auto 1126 \/ 1077;\" loading=\"lazy\"><\/span><\/p>\n<p style=\"text-align: center;\">INFORMATION FOR THE SALE :<\/p>\n<p style=\"text-align: center;\"><span style=\"font-family: &quot;Times New Roman&quot;, Times, serif;\">\u201cBid, Win, <br \/><\/span><span><span style=\"font-family: &quot;Times New Roman&quot;, Times, serif;\">and Have a <\/span><span>Grin.\u201d<\/span><\/span><\/p>\n<p style=\"\"><span style=\"font-family: &quot;Times New Roman&quot;, Times, serif;\">Here we present our latest online auction catalogue! A selection of nearly 500 lots with objects, furniture, paintings, etc. from the 18th to the 20th century. <\/span><\/p>\n<p style=\"\"><span style=\"font-family: &quot;Times New Roman&quot;, Times, serif;\">The sale takes place 100% online. Take advantage of our free video conference service. How to proceed? Contact us via the form or by telephone and tell us which items you are interested in.<\/span><\/p>\n<p style=\"\"><span style=\"font-family: &quot;Times New Roman&quot;, Times, serif;\">We can then present them to you at a distance.<\/p>\n<p><strong>Email : info@moinat-auctions.com<br \/>Tel : G\u00e9rard Moinat au 0041 21 825 48 00<\/strong><br \/><\/span><a href=\"https:\/\/www.moinat-auctions.com\/en\/contact\/\" style=\"outline: none;\"><span style=\"font-family: &quot;Times New Roman&quot;, Times, serif;\"><em><span style=\"color: rgb(8, 122, 135);\">(Cliquez ici pour acc\u00e9der \u00e0 notre formulaire de contact.)<\/span><\/em><\/span><\/a><span style=\"font-family: &quot;Times New Roman&quot;, Times, serif;\"><\/p>\n<p>Depending on availability, we will present them to you immediately in person or arrange an appointment.<\/span><\/p>\n<p style=\"text-align: right;\">End of the sale :<\/p>\n<p style=\"text-align: left;\"><em><span>11 avril<\/span><span>, 19h<\/span><\/em><\/p>\n<p><a href=\"https:\/\/drouot.com\/v\/178504\" target=\"_blank\"><span><img decoding=\"async\" alt=\"\" data-id=\"412\" width=\"167\" data-init-width=\"1905\" height=\"25\" data-init-height=\"286\" title=\"Artboard 6\" src=\"https:\/\/www.moinat-auctions.com\/wp-content\/uploads\/2022\/01\/Artboard-6.png\" data-width=\"167\" data-height=\"25\" style=\"aspect-ratio: auto 1905 \/ 286;\" loading=\"lazy\"><\/span><\/p>\n<p style=\"text-align: center; letter-spacing: 0px;\">&gt;&gt;ACCESS THE CATALOGUE ON DROUOTONLINE<\/p>\n<p><\/a><\/p>\n<p style=\"text-align: left;\" class=\"translation-block\">See our <br>online catalogue<\/p>\n<p style=\"text-align: right;\"><strong><span style=\"font-family: &quot;Times New Roman&quot;, Times, serif;\">!<\/span><\/strong><\/p>\n<p style=\"\"><span style=\"font-family: &quot;Times New Roman&quot;, Times, serif;\">To offer an auction while guaranteeing the security of your personal data, we collaborate with the Drouot Online platform <\/span><span style=\"color: rgb(8, 122, 135);\"><a href=\"https:\/\/drouot.com\/v\/122208?query=&amp;minEstim=&amp;maxEstim=&amp;triSearch=num\" target=\"_blank\" style=\"outline: none;\"><span style=\"font-family: &quot;Times New Roman&quot;, Times, serif;\">(www.drouotonline.com)<\/span><\/a><\/span><span style=\"font-family: &quot;Times New Roman&quot;, Times, serif;\">.<\/span><br \/><span style=\"font-family: &quot;Times New Roman&quot;, Times, serif;\"><br \/>Do not hesitate to visit&nbsp;<\/span><a href=\"https:\/\/drouot.com\/fr\/v\/178504\" target=\"_blank\" style=\"outline: none;\"><em><span style=\"font-family: &quot;Times New Roman&quot;, Times, serif;\">the online catalogue<\/span><\/em><\/a><span style=\"font-family: &quot;Times New Roman&quot;, Times, serif;\">&nbsp;to view our collection on sale and bid on the products that interest you.<\/span><br \/><span style=\"font-family: &quot;Times New Roman&quot;, Times, serif;\"><br \/>For added security, you will need to validate your identity when you register. Remember to register early enough to be sure to place your orders before the end of the sale!<br \/>Have a good bet and see you soon!<\/span><\/p>\n<p style=\"\"><a href=\"https:\/\/www.moinat-auctions.com\/en\/foire-aux-questions\/\" style=\"outline: none;\">&gt;&gt;PLUS D&rsquo;INFORMATIONS<\/a><\/p>\n<p><span><img decoding=\"async\" alt=\"\" data-id=\"138\" width=\"165\" data-init-width=\"852\" height=\"214\" data-init-height=\"1106\" title=\"armour\" src=\"https:\/\/www.moinat-auctions.com\/wp-content\/uploads\/2021\/11\/armour.png\" data-width=\"165\" data-height=\"214\" style=\"aspect-ratio: auto 852 \/ 1106;\" loading=\"lazy\"><\/span><\/p>\n<p style=\"text-align: left;\">Subscribe to our newsletter.<\/p>\n<p style=\"\">(We will only write to you when there is something new to share).<\/p>","protected":false},"excerpt":{"rendered":"<p>going going gone INFORMATIONS POUR LA VENTE : \u201cBid, Win, and Have a Grin.\u201d Nous vous pr\u00e9sentons ici notre dernier catalogue de vente en ligne ! Une s\u00e9lection de pr\u00e8s de 500 lots avec des objets, mobilier, tableaux, etc. du 18\u00e8me au 20\u00e8me si\u00e8cle. La vente se d\u00e9roule en ligne \u00e0 100%. Profitez de notre [&hellip;]<\/p>\n","protected":false},"author":1,"featured_media":0,"parent":0,"menu_order":0,"comment_status":"closed","ping_status":"closed","template":"","meta":{"footnotes":""},"class_list":["post-132","page","type-page","status-publish","hentry","post-wrapper","thrv_wrapper"],"_links":{"self":[{"href":"https:\/\/www.moinat-auctions.com\/en\/wp-json\/wp\/v2\/pages\/132","targetHints":{"allow":["GET"]}}],"collection":[{"href":"https:\/\/www.moinat-auctions.com\/en\/wp-json\/wp\/v2\/pages"}],"about":[{"href":"https:\/\/www.moinat-auctions.com\/en\/wp-json\/wp\/v2\/types\/page"}],"author":[{"embeddable":true,"href":"https:\/\/www.moinat-auctions.com\/en\/wp-json\/wp\/v2\/users\/1"}],"replies":[{"embeddable":true,"href":"https:\/\/www.moinat-auctions.com\/en\/wp-json\/wp\/v2\/comments?post=132"}],"version-history":[{"count":32,"href":"https:\/\/www.moinat-auctions.com\/en\/wp-json\/wp\/v2\/pages\/132\/revisions"}],"predecessor-version":[{"id":598,"href":"https:\/\/www.moinat-auctions.com\/en\/wp-json\/wp\/v2\/pages\/132\/revisions\/598"}],"wp:attachment":[{"href":"https:\/\/www.moinat-auctions.com\/en\/wp-json\/wp\/v2\/media?parent=132"}],"curies":[{"name":"wp","href":"https:\/\/api.w.org\/{rel}","templated":true}]}}