{"id":276,"date":"2021-11-16T10:12:01","date_gmt":"2021-11-16T10:12:01","guid":{"rendered":"https:\/\/www.moinat-auctions.com\/clone-of-clone-of-a-propos\/"},"modified":"2022-10-11T13:31:48","modified_gmt":"2022-10-11T13:31:48","slug":"contact","status":"publish","type":"page","link":"https:\/\/www.moinat-auctions.com\/en\/contact\/","title":{"rendered":"CONTACT :"},"content":{"rendered":"<p><span><img decoding=\"async\" alt=\"\" data-id=\"279\" width=\"447\" data-init-width=\"1920\" height=\"230\" data-init-height=\"986\" title=\"phone-old\" src=\"https:\/\/www.moinat-auctions.com\/wp-content\/uploads\/2021\/11\/phone-old.png\" data-width=\"447\" data-height=\"230\" loading=\"lazy\"><\/span><\/p>\n<p style=\"\">write<\/p>\n<p style=\"text-align: left;\">text<\/p>\n<p style=\"text-align: center;\">call<\/p>\n<p style=\"text-align: center;\">CoNTACT :<\/p>\n<p style=\"text-align: center;\"><span><span>\u201cWe are interested in your question, Juan.\u201d<\/span><span><\/span><\/span><\/p>\n<p style=\"\"><span style=\"font-family: &quot;Times New Roman&quot;, Times, serif;\">Juan (et tous ceux qui portent d&rsquo;autres noms), veuillez nous envoyer votre question ici. Soyez aussi pr\u00e9cis que possible. Cela permettra d&rsquo;obtenir une r\u00e9ponse plus rapide et d&rsquo;\u00e9viter les malentendus.<\/span><\/p>\n<p><span><span data-offset-key=\"il6q-0-1\">J\u2019esp\u00e8re que vous trouverez pr\u00e9cisement ce que vous cherchez ! Tous les champs sont obligatoires.<\/span><\/span><\/p>\n<p style=\"text-align: left;\" class=\"translation-block\">See our <br>online catalogue<\/p>","protected":false},"excerpt":{"rendered":"<p>write text call CoNTACT : \u201cWe are interested in your question, Juan.\u201d Juan (et tous ceux qui portent d&rsquo;autres noms), veuillez nous envoyer votre question ici. Soyez aussi pr\u00e9cis que possible. Cela permettra d&rsquo;obtenir une r\u00e9ponse plus rapide et d&rsquo;\u00e9viter les malentendus. J\u2019esp\u00e8re que vous trouverez pr\u00e9cisement ce que vous cherchez ! Tous les champs [&hellip;]<\/p>\n","protected":false},"author":1,"featured_media":0,"parent":0,"menu_order":0,"comment_status":"closed","ping_status":"closed","template":"","meta":{"footnotes":""},"class_list":["post-276","page","type-page","status-publish","hentry","post-wrapper","thrv_wrapper"],"_links":{"self":[{"href":"https:\/\/www.moinat-auctions.com\/en\/wp-json\/wp\/v2\/pages\/276","targetHints":{"allow":["GET"]}}],"collection":[{"href":"https:\/\/www.moinat-auctions.com\/en\/wp-json\/wp\/v2\/pages"}],"about":[{"href":"https:\/\/www.moinat-auctions.com\/en\/wp-json\/wp\/v2\/types\/page"}],"author":[{"embeddable":true,"href":"https:\/\/www.moinat-auctions.com\/en\/wp-json\/wp\/v2\/users\/1"}],"replies":[{"embeddable":true,"href":"https:\/\/www.moinat-auctions.com\/en\/wp-json\/wp\/v2\/comments?post=276"}],"version-history":[{"count":12,"href":"https:\/\/www.moinat-auctions.com\/en\/wp-json\/wp\/v2\/pages\/276\/revisions"}],"predecessor-version":[{"id":538,"href":"https:\/\/www.moinat-auctions.com\/en\/wp-json\/wp\/v2\/pages\/276\/revisions\/538"}],"wp:attachment":[{"href":"https:\/\/www.moinat-auctions.com\/en\/wp-json\/wp\/v2\/media?parent=276"}],"curies":[{"name":"wp","href":"https:\/\/api.w.org\/{rel}","templated":true}]}}